{"id":2955,"date":"2021-10-29T22:49:26","date_gmt":"2021-10-29T19:49:26","guid":{"rendered":"https:\/\/moonstar.ee\/meidan-tarinamme\/"},"modified":"2021-10-29T22:49:27","modified_gmt":"2021-10-29T19:49:27","slug":"meidan-tarinamme","status":"publish","type":"page","link":"https:\/\/moonstar.ee\/fi\/meidan-tarinamme\/","title":{"rendered":"Meid\u00e4n tarinamme"},"content":{"rendered":"\t\t<div data-elementor-type=\"wp-page\" data-elementor-id=\"2955\" class=\"elementor elementor-2955 elementor-1236\">\n\t\t\t\t\t\t<section class=\"elementor-section elementor-top-section elementor-element elementor-element-f3339bc elementor-section-height-min-height elementor-section-boxed elementor-section-height-default elementor-section-items-middle\" data-id=\"f3339bc\" data-element_type=\"section\" data-e-type=\"section\" data-settings=\"{&quot;background_background&quot;:&quot;classic&quot;}\">\n\t\t\t\t\t\t\t<div class=\"elementor-background-overlay\"><\/div>\n\t\t\t\t\t\t\t<div class=\"elementor-container elementor-column-gap-no\">\n\t\t\t\t\t<div class=\"elementor-column elementor-col-100 elementor-top-column elementor-element elementor-element-ad96ba9\" data-id=\"ad96ba9\" data-element_type=\"column\" data-e-type=\"column\">\n\t\t\t<div class=\"elementor-widget-wrap elementor-element-populated\">\n\t\t\t\t\t\t<div class=\"elementor-element elementor-element-3150b9d elementor-widget elementor-widget-heading\" data-id=\"3150b9d\" data-element_type=\"widget\" data-e-type=\"widget\" data-widget_type=\"heading.default\">\n\t\t\t\t<div class=\"elementor-widget-container\">\n\t\t\t\t\t<h1 class=\"elementor-heading-title elementor-size-default\">Minun tarinani. <br>Sinun tarinasi. <br>Meid\u00e4n tarinamme.<\/h1>\t\t\t\t<\/div>\n\t\t\t\t<\/div>\n\t\t\t\t\t<\/div>\n\t\t<\/div>\n\t\t\t\t\t<\/div>\n\t\t<\/section>\n\t\t\t\t<section class=\"elementor-section elementor-top-section elementor-element elementor-element-e90114c elementor-section-boxed elementor-section-height-default elementor-section-height-default\" data-id=\"e90114c\" data-element_type=\"section\" data-e-type=\"section\" data-settings=\"{&quot;background_background&quot;:&quot;gradient&quot;}\">\n\t\t\t\t\t\t<div class=\"elementor-container elementor-column-gap-no\">\n\t\t\t\t\t<div class=\"elementor-column elementor-col-100 elementor-top-column elementor-element elementor-element-c8f9663\" data-id=\"c8f9663\" data-element_type=\"column\" data-e-type=\"column\">\n\t\t\t<div class=\"elementor-widget-wrap elementor-element-populated\">\n\t\t\t\t\t\t<section class=\"elementor-section elementor-inner-section elementor-element elementor-element-bc6748c elementor-section-boxed elementor-section-height-default elementor-section-height-default\" data-id=\"bc6748c\" data-element_type=\"section\" data-e-type=\"section\">\n\t\t\t\t\t\t<div class=\"elementor-container elementor-column-gap-no\">\n\t\t\t\t\t<div class=\"elementor-column elementor-col-50 elementor-inner-column elementor-element elementor-element-6bac1f8\" data-id=\"6bac1f8\" data-element_type=\"column\" data-e-type=\"column\">\n\t\t\t<div class=\"elementor-widget-wrap elementor-element-populated\">\n\t\t\t\t\t\t<div class=\"elementor-element elementor-element-a27f50b elementor-widget elementor-widget-heading\" data-id=\"a27f50b\" data-element_type=\"widget\" data-e-type=\"widget\" data-widget_type=\"heading.default\">\n\t\t\t\t<div class=\"elementor-widget-container\">\n\t\t\t\t\t<h6 class=\"elementor-heading-title elementor-size-default\">Meist\u00e4<\/h6>\t\t\t\t<\/div>\n\t\t\t\t<\/div>\n\t\t\t\t<div class=\"elementor-element elementor-element-ace6153 elementor-widget elementor-widget-heading\" data-id=\"ace6153\" data-element_type=\"widget\" data-e-type=\"widget\" data-widget_type=\"heading.default\">\n\t\t\t\t<div class=\"elementor-widget-container\">\n\t\t\t\t\t<h2 class=\"elementor-heading-title elementor-size-default\">35 vuotta t\u00e4ynn\u00e4 intohimoa ja kokemusta<\/h2>\t\t\t\t<\/div>\n\t\t\t\t<\/div>\n\t\t\t\t<div class=\"elementor-element elementor-element-bc671c3 elementor-widget-divider--view-line elementor-widget elementor-widget-divider\" data-id=\"bc671c3\" data-element_type=\"widget\" data-e-type=\"widget\" data-widget_type=\"divider.default\">\n\t\t\t\t<div class=\"elementor-widget-container\">\n\t\t\t\t\t\t\t<div class=\"elementor-divider\">\n\t\t\t<span class=\"elementor-divider-separator\">\n\t\t\t\t\t\t<\/span>\n\t\t<\/div>\n\t\t\t\t\t\t<\/div>\n\t\t\t\t<\/div>\n\t\t\t\t<div class=\"elementor-element elementor-element-f2d9e2c elementor-widget elementor-widget-image\" data-id=\"f2d9e2c\" data-element_type=\"widget\" data-e-type=\"widget\" data-widget_type=\"image.default\">\n\t\t\t\t<div class=\"elementor-widget-container\">\n\t\t\t\t\t\t\t\t\t\t\t\t\t\t\t<img fetchpriority=\"high\" decoding=\"async\" width=\"1919\" height=\"2560\" src=\"https:\/\/moonstar.ee\/wp-content\/uploads\/2021\/10\/Moonstar-Meie-lugu-Tiia-scaled.jpg\" class=\"attachment-full size-full wp-image-2788\" alt=\"\" srcset=\"https:\/\/moonstar.ee\/wp-content\/uploads\/2021\/10\/Moonstar-Meie-lugu-Tiia-scaled.jpg 1919w, https:\/\/moonstar.ee\/wp-content\/uploads\/2021\/10\/Moonstar-Meie-lugu-Tiia-scaled-300x400.jpg 300w, https:\/\/moonstar.ee\/wp-content\/uploads\/2021\/10\/Moonstar-Meie-lugu-Tiia-225x300.jpg 225w, https:\/\/moonstar.ee\/wp-content\/uploads\/2021\/10\/Moonstar-Meie-lugu-Tiia-768x1024.jpg 768w, https:\/\/moonstar.ee\/wp-content\/uploads\/2021\/10\/Moonstar-Meie-lugu-Tiia-1151x1536.jpg 1151w, https:\/\/moonstar.ee\/wp-content\/uploads\/2021\/10\/Moonstar-Meie-lugu-Tiia-1535x2048.jpg 1535w, https:\/\/moonstar.ee\/wp-content\/uploads\/2021\/10\/Moonstar-Meie-lugu-Tiia-600x800.jpg 600w\" sizes=\"(max-width: 1919px) 100vw, 1919px\" \/>\t\t\t\t\t\t\t\t\t\t\t\t\t\t\t<\/div>\n\t\t\t\t<\/div>\n\t\t\t\t<div class=\"elementor-element elementor-element-d17e09b elementor-widget elementor-widget-text-editor\" data-id=\"d17e09b\" data-element_type=\"widget\" data-e-type=\"widget\" data-widget_type=\"text-editor.default\">\n\t\t\t\t<div class=\"elementor-widget-container\">\n\t\t\t\t\t\t\t\t\t<p>Tiia Tammsalu<\/p>\n\t\t\t\t\t\t\t\t<\/div>\n\t\t\t\t<\/div>\n\t\t\t\t\t<\/div>\n\t\t<\/div>\n\t\t\t\t<div class=\"elementor-column elementor-col-50 elementor-inner-column elementor-element elementor-element-9175dc8\" data-id=\"9175dc8\" data-element_type=\"column\" data-e-type=\"column\">\n\t\t\t<div class=\"elementor-widget-wrap elementor-element-populated\">\n\t\t\t\t\t\t<div class=\"elementor-element elementor-element-98604e7 elementor-widget elementor-widget-text-editor\" data-id=\"98604e7\" data-element_type=\"widget\" data-e-type=\"widget\" data-widget_type=\"text-editor.default\">\n\t\t\t\t<div class=\"elementor-widget-container\">\n\t\t\t\t\t\t\t\t\t<p><span style=\"font-weight: 400;\">\u201dOmpeluni alkoi, kun menin salaa kokeilemaan iso\u00e4itini ompelukonetta 5-vuotiaana. Vahingossa ompelu meni yli kankaan ja p\u00e4\u00e4ttyi niin peukalon kynteeni. Sielt\u00e4h\u00e4n ompelin t\u00e4m\u00e4n pienen tekstiilialan itselleni.\u00a0<\/span><\/p>\n<p><span style=\"font-weight: 400;\">Intohimo tekstiility\u00f6h\u00f6n on kasvanut vuosien varrella. Olen ty\u00f6skennellyt kangasliikkeess\u00e4 sek\u00e4 erilaisten tekstiilien, peittojen ja tyynyjen valmistuksessa. Kosketus kankaisiin on antanut meille tietoisuuden siit\u00e4, ett\u00e4 meid\u00e4n tulee olla parhaiden materiaalien ymp\u00e4r\u00f6imi\u00e4 tunteaksemme olon mukavaksi ja itsevarmaksi.\u201d <\/span><\/p>\n<p><strong><i>Tiia Tammsalu<\/i><\/strong><span style=\"font-weight: 400;\">, <\/span><i><span style=\"font-weight: 400;\">Moonstarin perustaja ja toimitusjohtaja<\/span><\/i><\/p>\n\t\t\t\t\t\t\t\t<\/div>\n\t\t\t\t<\/div>\n\t\t\t\t<div class=\"elementor-element elementor-element-5bdc661 elementor-widget-divider--view-line elementor-widget elementor-widget-divider\" data-id=\"5bdc661\" data-element_type=\"widget\" data-e-type=\"widget\" data-widget_type=\"divider.default\">\n\t\t\t\t<div class=\"elementor-widget-container\">\n\t\t\t\t\t\t\t<div class=\"elementor-divider\">\n\t\t\t<span class=\"elementor-divider-separator\">\n\t\t\t\t\t\t<\/span>\n\t\t<\/div>\n\t\t\t\t\t\t<\/div>\n\t\t\t\t<\/div>\n\t\t\t\t<div class=\"elementor-element elementor-element-893a3b9 elementor-widget elementor-widget-text-editor\" data-id=\"893a3b9\" data-element_type=\"widget\" data-e-type=\"widget\" data-widget_type=\"text-editor.default\">\n\t\t\t\t<div class=\"elementor-widget-container\">\n\t\t\t\t\t\t\t\t\t<p><span style=\"font-weight: 400;\">Kaikki t\u00e4m\u00e4 pitk\u00e4aikainen kokemus ja intohimo johti Moonstarin luomiseen vuonna 2014. Siit\u00e4 tarinamme alkoi.<\/span><\/p>\n<p><span style=\"font-weight: 400;\">Jos ajattelet hetken, tekstiilit ymp\u00e4r\u00f6iv\u00e4t meit\u00e4 ymp\u00e4ri vuorokauden. Tarvitsemme siis hyvi\u00e4 ja ihoyst\u00e4v\u00e4llisi\u00e4 materiaaleja voidaksemme nauttia el\u00e4m\u00e4st\u00e4 t\u00e4ysill\u00e4. T\u00e4m\u00e4n varmistavat esimerkiksi hyv\u00e4t vuodevaatteet ja my\u00f6s vaatteet, joita k\u00e4yt\u00e4t. Arvosta itse\u00e4si ja anna itsellesi parasta!<\/span><\/p>\n<p><span style=\"font-weight: 400;\">Meill\u00e4 on tahto tehd\u00e4 jotain, mist\u00e4 itse nautimme ja arvostamme. Ompelemamme tuotteet tarjoavat sinulle huolenpitoa ja tyytyv\u00e4isyytt\u00e4. Pid\u00e4mme eritt\u00e4in t\u00e4rke\u00e4n\u00e4, ett\u00e4 ne ovat ekologisesti valmistettuja ja ymp\u00e4rist\u00f6n kannalta kest\u00e4vi\u00e4.<\/span><\/p>\n<p><span style=\"font-weight: 400;\">V\u00e4lit\u00e4mme asiakkaistamme ja haluamme luoda teille parasta! <\/span><\/p>\n<p><span style=\"font-weight: 400;\">Sin\u00e4 luot tarinamme!<\/span><\/p>\n\t\t\t\t\t\t\t\t<\/div>\n\t\t\t\t<\/div>\n\t\t\t\t\t<\/div>\n\t\t<\/div>\n\t\t\t\t\t<\/div>\n\t\t<\/section>\n\t\t\t\t<div class=\"elementor-element elementor-element-6cda49c elementor-widget__width-initial elementor-widget-mobile__width-inherit elementor-view-default elementor-position-block-start elementor-mobile-position-block-start elementor-widget elementor-widget-icon-box\" data-id=\"6cda49c\" data-element_type=\"widget\" data-e-type=\"widget\" data-widget_type=\"icon-box.default\">\n\t\t\t\t<div class=\"elementor-widget-container\">\n\t\t\t\t\t\t\t<div class=\"elementor-icon-box-wrapper\">\n\n\t\t\t\t\t\t<div class=\"elementor-icon-box-icon\">\n\t\t\t\t<span  class=\"elementor-icon\">\n\t\t\t\t<i aria-hidden=\"true\" class=\"fas fa-pencil-ruler\"><\/i>\t\t\t\t<\/span>\n\t\t\t<\/div>\n\t\t\t\n\t\t\t\t\t\t<div class=\"elementor-icon-box-content\">\n\n\t\t\t\t\t\t\t\t\t<h5 class=\"elementor-icon-box-title\">\n\t\t\t\t\t\t<span  >\n\t\t\t\t\t\t\tOmpeluvalmistus\t\t\t\t\t\t<\/span>\n\t\t\t\t\t<\/h5>\n\t\t\t\t\n\t\t\t\t\t\t\t\t\t<p class=\"elementor-icon-box-description\">\n\t\t\t\t\t\tTeemme useita ompeluteht\u00e4vi\u00e4 varmistaen korkean laadun, kilpailukykyiset hinnat sek\u00e4 joustavuuden.\t\t\t\t\t<\/p>\n\t\t\t\t\n\t\t\t<\/div>\n\t\t\t\n\t\t<\/div>\n\t\t\t\t\t\t<\/div>\n\t\t\t\t<\/div>\n\t\t\t\t<div class=\"elementor-element elementor-element-2f607ef elementor-widget__width-initial elementor-widget-mobile__width-inherit elementor-view-default elementor-position-block-start elementor-mobile-position-block-start elementor-widget elementor-widget-icon-box\" data-id=\"2f607ef\" data-element_type=\"widget\" data-e-type=\"widget\" data-widget_type=\"icon-box.default\">\n\t\t\t\t<div class=\"elementor-widget-container\">\n\t\t\t\t\t\t\t<div class=\"elementor-icon-box-wrapper\">\n\n\t\t\t\t\t\t<div class=\"elementor-icon-box-icon\">\n\t\t\t\t<span  class=\"elementor-icon\">\n\t\t\t\t<i aria-hidden=\"true\" class=\"fas fa-project-diagram\"><\/i>\t\t\t\t<\/span>\n\t\t\t<\/div>\n\t\t\t\n\t\t\t\t\t\t<div class=\"elementor-icon-box-content\">\n\n\t\t\t\t\t\t\t\t\t<h5 class=\"elementor-icon-box-title\">\n\t\t\t\t\t\t<span  >\n\t\t\t\t\t\t\tTuotekehitys\t\t\t\t\t\t<\/span>\n\t\t\t\t\t<\/h5>\n\t\t\t\t\n\t\t\t\t\t\t\t\t\t<p class=\"elementor-icon-box-description\">\n\t\t\t\t\t\tAutamme sinua l\u00f6yt\u00e4m\u00e4\u00e4n tarvittavat materiaalit ja suunnittelemme sopivat leikkaukset. Yhteisty\u00f6n tuloksena halutusta mallista valmistuu prototyyppi.\t\t\t\t\t<\/p>\n\t\t\t\t\n\t\t\t<\/div>\n\t\t\t\n\t\t<\/div>\n\t\t\t\t\t\t<\/div>\n\t\t\t\t<\/div>\n\t\t\t\t<div class=\"elementor-element elementor-element-bc203ab elementor-widget__width-initial elementor-widget-mobile__width-inherit elementor-view-default elementor-position-block-start elementor-mobile-position-block-start elementor-widget elementor-widget-icon-box\" data-id=\"bc203ab\" data-element_type=\"widget\" data-e-type=\"widget\" data-widget_type=\"icon-box.default\">\n\t\t\t\t<div class=\"elementor-widget-container\">\n\t\t\t\t\t\t\t<div class=\"elementor-icon-box-wrapper\">\n\n\t\t\t\t\t\t<div class=\"elementor-icon-box-icon\">\n\t\t\t\t<span  class=\"elementor-icon\">\n\t\t\t\t<i aria-hidden=\"true\" class=\"fas fa-atom\"><\/i>\t\t\t\t<\/span>\n\t\t\t<\/div>\n\t\t\t\n\t\t\t\t\t\t<div class=\"elementor-icon-box-content\">\n\n\t\t\t\t\t\t\t\t\t<h5 class=\"elementor-icon-box-title\">\n\t\t\t\t\t\t<span  >\n\t\t\t\t\t\t\tMeid\u00e4n tavaramerkit\t\t\t\t\t\t<\/span>\n\t\t\t\t\t<\/h5>\n\t\t\t\t\n\t\t\t\t\t\t\t\t\t<p class=\"elementor-icon-box-description\">\n\t\t\t\t\t\tP\u00e4\u00e4tilausten lis\u00e4ksi olemme luoneet kolme tavaramerkki\u00e4: Moonstar, M\u00f6nna ja Flow By Moonstar.\t\t\t\t\t<\/p>\n\t\t\t\t\n\t\t\t<\/div>\n\t\t\t\n\t\t<\/div>\n\t\t\t\t\t\t<\/div>\n\t\t\t\t<\/div>\n\t\t\t\t\t<\/div>\n\t\t<\/div>\n\t\t\t\t\t<\/div>\n\t\t<\/section>\n\t\t\t\t<\/div>\n\t\t","protected":false},"excerpt":{"rendered":"<p>Minun tarinani. Sinun tarinasi. Meid\u00e4n tarinamme. Meist\u00e4 35 vuotta t\u00e4ynn\u00e4 intohimoa ja kokemusta Tiia Tammsalu \u201dOmpeluni alkoi, kun menin salaa kokeilemaan iso\u00e4itini ompelukonetta 5-vuotiaana. Vahingossa ompelu meni yli kankaan ja p\u00e4\u00e4ttyi niin peukalon kynteeni. Sielt\u00e4h\u00e4n ompelin t\u00e4m\u00e4n pienen tekstiilialan itselleni.\u00a0 Intohimo tekstiility\u00f6h\u00f6n on kasvanut vuosien varrella. Olen ty\u00f6skennellyt kangasliikkeess\u00e4 sek\u00e4 erilaisten tekstiilien, peittojen ja tyynyjen [&hellip;]<\/p>\n","protected":false},"author":1,"featured_media":0,"parent":0,"menu_order":0,"comment_status":"closed","ping_status":"closed","template":"","meta":{"inline_featured_image":false,"site-sidebar-layout":"no-sidebar","site-content-layout":"page-builder","ast-site-content-layout":"default","site-content-style":"default","site-sidebar-style":"default","ast-global-header-display":"","ast-banner-title-visibility":"","ast-main-header-display":"","ast-hfb-above-header-display":"","ast-hfb-below-header-display":"","ast-hfb-mobile-header-display":"","site-post-title":"disabled","ast-breadcrumbs-content":"disabled","ast-featured-img":"disabled","footer-sml-layout":"","ast-disable-related-posts":"","theme-transparent-header-meta":"enabled","adv-header-id-meta":"","stick-header-meta":"","header-above-stick-meta":null,"header-main-stick-meta":"","header-below-stick-meta":null,"astra-migrate-meta-layouts":"default","ast-page-background-enabled":"default","ast-page-background-meta":{"desktop":{"background-color":"","background-image":"","background-repeat":"repeat","background-position":"center center","background-size":"auto","background-attachment":"scroll","background-type":"","background-media":"","overlay-type":"","overlay-color":"","overlay-opacity":"","overlay-gradient":""},"tablet":{"background-color":"","background-image":"","background-repeat":"repeat","background-position":"center center","background-size":"auto","background-attachment":"scroll","background-type":"","background-media":"","overlay-type":"","overlay-color":"","overlay-opacity":"","overlay-gradient":""},"mobile":{"background-color":"","background-image":"","background-repeat":"repeat","background-position":"center center","background-size":"auto","background-attachment":"scroll","background-type":"","background-media":"","overlay-type":"","overlay-color":"","overlay-opacity":"","overlay-gradient":""}},"ast-content-background-meta":{"desktop":{"background-color":"var(--ast-global-color-5)","background-image":"","background-repeat":"repeat","background-position":"center center","background-size":"auto","background-attachment":"scroll","background-type":"","background-media":"","overlay-type":"","overlay-color":"","overlay-opacity":"","overlay-gradient":""},"tablet":{"background-color":"var(--ast-global-color-5)","background-image":"","background-repeat":"repeat","background-position":"center center","background-size":"auto","background-attachment":"scroll","background-type":"","background-media":"","overlay-type":"","overlay-color":"","overlay-opacity":"","overlay-gradient":""},"mobile":{"background-color":"var(--ast-global-color-5)","background-image":"","background-repeat":"repeat","background-position":"center center","background-size":"auto","background-attachment":"scroll","background-type":"","background-media":"","overlay-type":"","overlay-color":"","overlay-opacity":"","overlay-gradient":""}},"footnotes":""},"class_list":["post-2955","page","type-page","status-publish","hentry"],"yoast_head":"<!-- This site is optimized with the Yoast SEO plugin v27.5 - https:\/\/yoast.com\/product\/yoast-seo-wordpress\/ -->\n<title>Meid\u00e4n tarinamme - Moonstar<\/title>\n<meta name=\"robots\" content=\"index, follow, max-snippet:-1, max-image-preview:large, max-video-preview:-1\" \/>\n<link rel=\"canonical\" href=\"https:\/\/moonstar.ee\/fi\/meidan-tarinamme\/\" \/>\n<meta property=\"og:locale\" content=\"fi_FI\" \/>\n<meta property=\"og:type\" content=\"article\" \/>\n<meta property=\"og:title\" content=\"Meid\u00e4n tarinamme - Moonstar\" \/>\n<meta property=\"og:description\" content=\"Minun tarinani. Sinun tarinasi. Meid\u00e4n tarinamme. Meist\u00e4 35 vuotta t\u00e4ynn\u00e4 intohimoa ja kokemusta Tiia Tammsalu \u201dOmpeluni alkoi, kun menin salaa kokeilemaan iso\u00e4itini ompelukonetta 5-vuotiaana. Vahingossa ompelu meni yli kankaan ja p\u00e4\u00e4ttyi niin peukalon kynteeni. Sielt\u00e4h\u00e4n ompelin t\u00e4m\u00e4n pienen tekstiilialan itselleni.\u00a0 Intohimo tekstiility\u00f6h\u00f6n on kasvanut vuosien varrella. Olen ty\u00f6skennellyt kangasliikkeess\u00e4 sek\u00e4 erilaisten tekstiilien, peittojen ja tyynyjen [&hellip;]\" \/>\n<meta property=\"og:url\" content=\"https:\/\/moonstar.ee\/fi\/meidan-tarinamme\/\" \/>\n<meta property=\"og:site_name\" content=\"Moonstar\" \/>\n<meta property=\"article:modified_time\" content=\"2021-10-29T19:49:27+00:00\" \/>\n<meta property=\"og:image\" content=\"https:\/\/moonstar.ee\/wp-content\/uploads\/2021\/10\/Moonstar-Meie-lugu-Tiia-scaled.jpg\" \/>\n<meta name=\"twitter:card\" content=\"summary_large_image\" \/>\n<meta name=\"twitter:label1\" content=\"Arvioitu lukuaika\" \/>\n\t<meta name=\"twitter:data1\" content=\"1 minuutti\" \/>\n<script type=\"application\/ld+json\" class=\"yoast-schema-graph\">{\"@context\":\"https:\\\/\\\/schema.org\",\"@graph\":[{\"@type\":\"WebPage\",\"@id\":\"https:\\\/\\\/moonstar.ee\\\/fi\\\/meidan-tarinamme\\\/\",\"url\":\"https:\\\/\\\/moonstar.ee\\\/fi\\\/meidan-tarinamme\\\/\",\"name\":\"Meid\u00e4n tarinamme - Moonstar\",\"isPartOf\":{\"@id\":\"https:\\\/\\\/www.moonstar.ee\\\/#website\"},\"primaryImageOfPage\":{\"@id\":\"https:\\\/\\\/moonstar.ee\\\/fi\\\/meidan-tarinamme\\\/#primaryimage\"},\"image\":{\"@id\":\"https:\\\/\\\/moonstar.ee\\\/fi\\\/meidan-tarinamme\\\/#primaryimage\"},\"thumbnailUrl\":\"https:\\\/\\\/moonstar.ee\\\/wp-content\\\/uploads\\\/2021\\\/10\\\/Moonstar-Meie-lugu-Tiia-scaled.jpg\",\"datePublished\":\"2021-10-29T19:49:26+00:00\",\"dateModified\":\"2021-10-29T19:49:27+00:00\",\"breadcrumb\":{\"@id\":\"https:\\\/\\\/moonstar.ee\\\/fi\\\/meidan-tarinamme\\\/#breadcrumb\"},\"inLanguage\":\"fi\",\"potentialAction\":[{\"@type\":\"ReadAction\",\"target\":[\"https:\\\/\\\/moonstar.ee\\\/fi\\\/meidan-tarinamme\\\/\"]}]},{\"@type\":\"ImageObject\",\"inLanguage\":\"fi\",\"@id\":\"https:\\\/\\\/moonstar.ee\\\/fi\\\/meidan-tarinamme\\\/#primaryimage\",\"url\":\"https:\\\/\\\/moonstar.ee\\\/wp-content\\\/uploads\\\/2021\\\/10\\\/Moonstar-Meie-lugu-Tiia-scaled.jpg\",\"contentUrl\":\"https:\\\/\\\/moonstar.ee\\\/wp-content\\\/uploads\\\/2021\\\/10\\\/Moonstar-Meie-lugu-Tiia-scaled.jpg\"},{\"@type\":\"BreadcrumbList\",\"@id\":\"https:\\\/\\\/moonstar.ee\\\/fi\\\/meidan-tarinamme\\\/#breadcrumb\",\"itemListElement\":[{\"@type\":\"ListItem\",\"position\":1,\"name\":\"Home\",\"item\":\"https:\\\/\\\/www.moonstar.ee\\\/fi\\\/\"},{\"@type\":\"ListItem\",\"position\":2,\"name\":\"Meid\u00e4n tarinamme\"}]},{\"@type\":\"WebSite\",\"@id\":\"https:\\\/\\\/www.moonstar.ee\\\/#website\",\"url\":\"https:\\\/\\\/www.moonstar.ee\\\/\",\"name\":\"Moonstar\",\"description\":\"Moonstar - \u00f5mblustootmine ja tootearendus\",\"publisher\":{\"@id\":\"https:\\\/\\\/www.moonstar.ee\\\/#organization\"},\"potentialAction\":[{\"@type\":\"SearchAction\",\"target\":{\"@type\":\"EntryPoint\",\"urlTemplate\":\"https:\\\/\\\/www.moonstar.ee\\\/?s={search_term_string}\"},\"query-input\":{\"@type\":\"PropertyValueSpecification\",\"valueRequired\":true,\"valueName\":\"search_term_string\"}}],\"inLanguage\":\"fi\"},{\"@type\":\"Organization\",\"@id\":\"https:\\\/\\\/www.moonstar.ee\\\/#organization\",\"name\":\"Moonstar\",\"url\":\"https:\\\/\\\/www.moonstar.ee\\\/\",\"logo\":{\"@type\":\"ImageObject\",\"inLanguage\":\"fi\",\"@id\":\"https:\\\/\\\/www.moonstar.ee\\\/#\\\/schema\\\/logo\\\/image\\\/\",\"url\":\"https:\\\/\\\/www.moonstar.ee\\\/wp-content\\\/uploads\\\/2021\\\/09\\\/Moonstar_logo-01.svg\",\"contentUrl\":\"https:\\\/\\\/www.moonstar.ee\\\/wp-content\\\/uploads\\\/2021\\\/09\\\/Moonstar_logo-01.svg\",\"width\":504,\"height\":164,\"caption\":\"Moonstar\"},\"image\":{\"@id\":\"https:\\\/\\\/www.moonstar.ee\\\/#\\\/schema\\\/logo\\\/image\\\/\"}}]}<\/script>\n<!-- \/ Yoast SEO plugin. -->","yoast_head_json":{"title":"Meid\u00e4n tarinamme - Moonstar","robots":{"index":"index","follow":"follow","max-snippet":"max-snippet:-1","max-image-preview":"max-image-preview:large","max-video-preview":"max-video-preview:-1"},"canonical":"https:\/\/moonstar.ee\/fi\/meidan-tarinamme\/","og_locale":"fi_FI","og_type":"article","og_title":"Meid\u00e4n tarinamme - Moonstar","og_description":"Minun tarinani. Sinun tarinasi. Meid\u00e4n tarinamme. Meist\u00e4 35 vuotta t\u00e4ynn\u00e4 intohimoa ja kokemusta Tiia Tammsalu \u201dOmpeluni alkoi, kun menin salaa kokeilemaan iso\u00e4itini ompelukonetta 5-vuotiaana. Vahingossa ompelu meni yli kankaan ja p\u00e4\u00e4ttyi niin peukalon kynteeni. Sielt\u00e4h\u00e4n ompelin t\u00e4m\u00e4n pienen tekstiilialan itselleni.\u00a0 Intohimo tekstiility\u00f6h\u00f6n on kasvanut vuosien varrella. Olen ty\u00f6skennellyt kangasliikkeess\u00e4 sek\u00e4 erilaisten tekstiilien, peittojen ja tyynyjen [&hellip;]","og_url":"https:\/\/moonstar.ee\/fi\/meidan-tarinamme\/","og_site_name":"Moonstar","article_modified_time":"2021-10-29T19:49:27+00:00","og_image":[{"url":"https:\/\/moonstar.ee\/wp-content\/uploads\/2021\/10\/Moonstar-Meie-lugu-Tiia-scaled.jpg","type":"","width":"","height":""}],"twitter_card":"summary_large_image","twitter_misc":{"Arvioitu lukuaika":"1 minuutti"},"schema":{"@context":"https:\/\/schema.org","@graph":[{"@type":"WebPage","@id":"https:\/\/moonstar.ee\/fi\/meidan-tarinamme\/","url":"https:\/\/moonstar.ee\/fi\/meidan-tarinamme\/","name":"Meid\u00e4n tarinamme - Moonstar","isPartOf":{"@id":"https:\/\/www.moonstar.ee\/#website"},"primaryImageOfPage":{"@id":"https:\/\/moonstar.ee\/fi\/meidan-tarinamme\/#primaryimage"},"image":{"@id":"https:\/\/moonstar.ee\/fi\/meidan-tarinamme\/#primaryimage"},"thumbnailUrl":"https:\/\/moonstar.ee\/wp-content\/uploads\/2021\/10\/Moonstar-Meie-lugu-Tiia-scaled.jpg","datePublished":"2021-10-29T19:49:26+00:00","dateModified":"2021-10-29T19:49:27+00:00","breadcrumb":{"@id":"https:\/\/moonstar.ee\/fi\/meidan-tarinamme\/#breadcrumb"},"inLanguage":"fi","potentialAction":[{"@type":"ReadAction","target":["https:\/\/moonstar.ee\/fi\/meidan-tarinamme\/"]}]},{"@type":"ImageObject","inLanguage":"fi","@id":"https:\/\/moonstar.ee\/fi\/meidan-tarinamme\/#primaryimage","url":"https:\/\/moonstar.ee\/wp-content\/uploads\/2021\/10\/Moonstar-Meie-lugu-Tiia-scaled.jpg","contentUrl":"https:\/\/moonstar.ee\/wp-content\/uploads\/2021\/10\/Moonstar-Meie-lugu-Tiia-scaled.jpg"},{"@type":"BreadcrumbList","@id":"https:\/\/moonstar.ee\/fi\/meidan-tarinamme\/#breadcrumb","itemListElement":[{"@type":"ListItem","position":1,"name":"Home","item":"https:\/\/www.moonstar.ee\/fi\/"},{"@type":"ListItem","position":2,"name":"Meid\u00e4n tarinamme"}]},{"@type":"WebSite","@id":"https:\/\/www.moonstar.ee\/#website","url":"https:\/\/www.moonstar.ee\/","name":"Moonstar","description":"Moonstar - \u00f5mblustootmine ja tootearendus","publisher":{"@id":"https:\/\/www.moonstar.ee\/#organization"},"potentialAction":[{"@type":"SearchAction","target":{"@type":"EntryPoint","urlTemplate":"https:\/\/www.moonstar.ee\/?s={search_term_string}"},"query-input":{"@type":"PropertyValueSpecification","valueRequired":true,"valueName":"search_term_string"}}],"inLanguage":"fi"},{"@type":"Organization","@id":"https:\/\/www.moonstar.ee\/#organization","name":"Moonstar","url":"https:\/\/www.moonstar.ee\/","logo":{"@type":"ImageObject","inLanguage":"fi","@id":"https:\/\/www.moonstar.ee\/#\/schema\/logo\/image\/","url":"https:\/\/www.moonstar.ee\/wp-content\/uploads\/2021\/09\/Moonstar_logo-01.svg","contentUrl":"https:\/\/www.moonstar.ee\/wp-content\/uploads\/2021\/09\/Moonstar_logo-01.svg","width":504,"height":164,"caption":"Moonstar"},"image":{"@id":"https:\/\/www.moonstar.ee\/#\/schema\/logo\/image\/"}}]}},"_links":{"self":[{"href":"https:\/\/moonstar.ee\/fi\/wp-json\/wp\/v2\/pages\/2955","targetHints":{"allow":["GET"]}}],"collection":[{"href":"https:\/\/moonstar.ee\/fi\/wp-json\/wp\/v2\/pages"}],"about":[{"href":"https:\/\/moonstar.ee\/fi\/wp-json\/wp\/v2\/types\/page"}],"author":[{"embeddable":true,"href":"https:\/\/moonstar.ee\/fi\/wp-json\/wp\/v2\/users\/1"}],"replies":[{"embeddable":true,"href":"https:\/\/moonstar.ee\/fi\/wp-json\/wp\/v2\/comments?post=2955"}],"version-history":[{"count":2,"href":"https:\/\/moonstar.ee\/fi\/wp-json\/wp\/v2\/pages\/2955\/revisions"}],"predecessor-version":[{"id":2993,"href":"https:\/\/moonstar.ee\/fi\/wp-json\/wp\/v2\/pages\/2955\/revisions\/2993"}],"wp:attachment":[{"href":"https:\/\/moonstar.ee\/fi\/wp-json\/wp\/v2\/media?parent=2955"}],"curies":[{"name":"wp","href":"https:\/\/api.w.org\/{rel}","templated":true}]}}